{"id":331,"date":"2025-07-03T21:16:04","date_gmt":"2025-07-03T21:16:04","guid":{"rendered":"https:\/\/sede.ayuntamientoeltorno.es\/?page_id=331"},"modified":"2025-07-04T16:25:10","modified_gmt":"2025-07-04T16:25:10","slug":"sede-electronica-2","status":"publish","type":"page","link":"https:\/\/sede.ayuntamientoeltorno.es\/","title":{"rendered":"Sede Electronica"},"content":{"rendered":"<p>[et_pb_section fb_built=\u00bb1&#8243; admin_label=\u00bbHeader\u00bb _builder_version=\u00bb4.27.4&#8243; use_background_color_gradient=\u00bbon\u00bb background_color_gradient_stops=\u00bb#000000 0%|rgba(255,255,255,0) 0%\u00bb background_color_gradient_overlays_image=\u00bbon\u00bb background_color_gradient_start=\u00bb#000000&#8243; background_color_gradient_end=\u00bbrgba(0,0,0,0.6)\u00bb background_image=\u00bbhttps:\/\/sede.ayuntamientoeltorno.es\/wp-content\/uploads\/2025\/06\/JSQ_2255-ayto-scaled.jpg\u00bb min_height=\u00bb443px\u00bb custom_margin=\u00bb||||false\u00bb custom_padding=\u00bb10vw||10vw||true|false\u00bb global_colors_info=\u00bb{}\u00bb][\/et_pb_section][et_pb_section fb_built=\u00bb1&#8243; admin_label=\u00bbAbout\u00bb _builder_version=\u00bb4.27.4&#8243; background_enable_image=\u00bboff\u00bb background_size=\u00bbinitial\u00bb background_position=\u00bbbottom_center\u00bb custom_margin=\u00bb21px|||||\u00bb custom_padding=\u00bb6px|0px|120px|0px|false|false\u00bb global_colors_info=\u00bb{}\u00bb][et_pb_row column_structure=\u00bb3_5,2_5&#8243; _builder_version=\u00bb4.16&#8243; global_colors_info=\u00bb{}\u00bb][et_pb_column type=\u00bb3_5&#8243; _builder_version=\u00bb4.16&#8243; custom_padding=\u00bb|||\u00bb global_colors_info=\u00bb{}\u00bb custom_padding__hover=\u00bb|||\u00bb][et_pb_cta button_url=\u00bb#\u00bb _builder_version=\u00bb4.27.4&#8243; header_level=\u00bbh3&#8243; header_font=\u00bbPlayfair Display|700|||||||\u00bb header_line_height=\u00bb1.5em\u00bb body_font=\u00bb||||||||\u00bb body_line_height=\u00bb2em\u00bb background_color=\u00bb#ffffff\u00bb background_image=\u00bbhttps:\/\/sede.ayuntamientoeltorno.es\/wp-content\/uploads\/2025\/06\/sedeElectronica.jpg\u00bb background_size=\u00bbcustom\u00bb background_image_width=\u00bb73%\u00bb custom_button=\u00bbon\u00bb button_text_size=\u00bb12px\u00bb button_text_color=\u00bb#ef3b24&#8243; button_bg_color=\u00bbrgba(255,255,255,0)\u00bb button_border_color=\u00bbrgba(0,0,0,0)\u00bb button_border_radius=\u00bb0px\u00bb button_letter_spacing=\u00bb2px\u00bb button_font=\u00bbRubik|500||on|||||\u00bb button_icon=\u00bb&#xe03c;||divi||400&#8243; button_on_hover=\u00bboff\u00bb text_orientation=\u00bbleft\u00bb background_layout=\u00bblight\u00bb width=\u00bb100%\u00bb max_width=\u00bb89%\u00bb min_height=\u00bb180px\u00bb max_height=\u00bb1000px\u00bb custom_padding=\u00bb|100px||\u00bb custom_padding_tablet=\u00bb\u00bb custom_padding_phone=\u00bb|40px|160px|\u00bb custom_padding_last_edited=\u00bbon|phone\u00bb animation_style=\u00bbzoom\u00bb animation_intensity_zoom=\u00bb20%\u00bb border_color_all=\u00bb#eff5f7&#8243; button_letter_spacing_hover=\u00bb2px\u00bb global_colors_info=\u00bb{}\u00bb button_text_size__hover_enabled=\u00bboff\u00bb button_one_text_size__hover_enabled=\u00bboff\u00bb button_two_text_size__hover_enabled=\u00bboff\u00bb button_text_color__hover_enabled=\u00bboff\u00bb button_one_text_color__hover_enabled=\u00bboff\u00bb button_two_text_color__hover_enabled=\u00bboff\u00bb button_border_width__hover_enabled=\u00bboff\u00bb button_one_border_width__hover_enabled=\u00bboff\u00bb button_two_border_width__hover_enabled=\u00bboff\u00bb button_border_color__hover_enabled=\u00bboff\u00bb button_one_border_color__hover_enabled=\u00bboff\u00bb button_two_border_color__hover_enabled=\u00bboff\u00bb button_border_radius__hover_enabled=\u00bboff\u00bb button_one_border_radius__hover_enabled=\u00bboff\u00bb button_two_border_radius__hover_enabled=\u00bboff\u00bb button_letter_spacing__hover_enabled=\u00bbon\u00bb button_letter_spacing__hover=\u00bb2px\u00bb button_one_letter_spacing__hover_enabled=\u00bboff\u00bb button_two_letter_spacing__hover_enabled=\u00bboff\u00bb button_bg_color__hover_enabled=\u00bboff\u00bb button_one_bg_color__hover_enabled=\u00bboff\u00bb button_two_bg_color__hover_enabled=\u00bboff\u00bb][\/et_pb_cta][et_pb_text _builder_version=\u00bb4.27.4&#8243; _module_preset=\u00bbdefault\u00bb text_font_size=\u00bb15px\u00bb text_line_height=\u00bb2em\u00bb global_colors_info=\u00bb{}\u00bb]<\/p>\n<p align=\"justify\">El Ayuntamiento de El Torno ofrece la Sede Electr\u00f3nica con la finalidad de extender de una manera virtual a los ciudadanos, gran parte de los servicios que ya ven\u00eda ofreciendo de forma presencial en sus oficinas, facilitando el uso de estos servicios a cualquier hora del d\u00eda y reduciendo o casi eliminando el desplazamiento del ciudadano a las mismas.<\/p>\n<p align=\"justify\">De esta forma el Ayuntamiento se adapta a lo dispuesto en la Ley 39\/2015, de 1 de octubre, de Procedimiento Administrativo Com\u00fan de las Administraciones P\u00fablicas, la cual reconoce el derecho que tienen los ciudadanos a relacionarse con la Administraci\u00f3n P\u00fablica de forma telem\u00e1tica.<\/p>\n<p align=\"justify\">Para poder relacionarse con el Ayuntamiento de manera telem\u00e1tica, ser\u00e1 necesario que disponga de DNI electr\u00f3nico o certificado en su ordenador emitido por la F\u00e1brica Nacional de Moneda y Timbre (FNMT-RCM).<\/p>\n<p>[\/et_pb_text][et_pb_image src=\u00bbhttps:\/\/sede.ayuntamientoeltorno.es\/wp-content\/uploads\/2025\/07\/carpeta_c-768&#215;183-1.png\u00bb title_text=\u00bbcarpeta_c-768&#215;183&#8243; align=\u00bbcenter\u00bb _builder_version=\u00bb4.27.4&#8243; _module_preset=\u00bbdefault\u00bb width=\u00bb49%\u00bb max_width=\u00bb44%\u00bb module_alignment=\u00bbcenter\u00bb min_height=\u00bb50px\u00bb height=\u00bb100px\u00bb max_height=\u00bb1000px\u00bb custom_margin=\u00bb|-29px||||\u00bb global_colors_info=\u00bb{}\u00bb][\/et_pb_image][et_pb_text _builder_version=\u00bb4.27.4&#8243; _module_preset=\u00bbdefault\u00bb text_font_size=\u00bb15px\u00bb text_line_height=\u00bb2em\u00bb custom_padding=\u00bb||0px|||\u00bb global_colors_info=\u00bb{}\u00bb]<\/p>\n<p align=\"justify\"><b>La Carpeta Ciudadana<\/b><span>\u00a0<\/span>es un punto com\u00fan a todas las Administraciones P\u00fablicas, donde el ciudadano podr\u00e1 consultar el estado de los expedientes o notificaciones que reciba de la administraci\u00f3n mediante el uso del certificado digital o sistema cl@ave.<\/p>\n<p align=\"justify\">Todos los documentos que el ciudadano reciba a trav\u00e9s de la Sede Electr\u00f3nica del Ayuntamiento de El Torno, ir\u00e1n firmados digitalmente, y llevar\u00e1n adjunto el<span>\u00a0<\/span><b>c\u00f3digo C.V.E.<\/b><span>\u00a0<\/span>que identificar\u00e1 de forma inequ\u00edvoca a los firmantes de dicho documento. Mediante la inserci\u00f3n del C\u00f3digo Seguro de Verificaci\u00f3n que aparece en la banda gris del documento electr\u00f3nico, se permite al interesado la comprobaci\u00f3n de la integridad del documento en esta Sede Electr\u00f3nica.<\/p>\n<p align=\"justify\">Para aclara cualquier duda sobre el uso de la Sede Electr\u00f3nica, podr\u00e1 dirigirse al correo electr\u00f3nico ayto_eltorno@dipucr.es o al tel\u00e9fono 926 78 33 13.<\/p>\n<p>[\/et_pb_text][et_pb_text _builder_version=\u00bb4.27.4&#8243; _module_preset=\u00bbdefault\u00bb text_font_size=\u00bb15px\u00bb text_line_height=\u00bb2em\u00bb text_orientation=\u00bbjustified\u00bb global_colors_info=\u00bb{}\u00bb]<\/p>\n<h3 style=\"text-align: justify;\"><span style=\"color: #0c71c3;\">Normativa sobre la Sede Electr\u00f3nica:<\/span><\/h3>\n<p><span>\u2022\u00a0<\/span><a href=\"https:\/\/www.boe.es\/eli\/es\/l\/2015\/10\/01\/39\/con\" target=\"_blank\" rel=\"noopener\"><span style=\"color: #1202e2;\">Ley Estatal 39\/2015, de 1 de octubre.<\/span><\/a><br \/><span>\u2022\u00a0<\/span><a href=\"https:\/\/administracionelectronica.gob.es\/pae_Home\/pae_Documentacion\/pae_LegNacional\/pae_NORMATIVA_ESTATAL_Adm_Elect_basica.html#.XLWXAdhS9pg\" target=\"_blank\" rel=\"noopener\"><span style=\"color: #1202e2;\">Leyes y Normas b\u00e1sicas en Administraci\u00f3n Electr\u00f3nica.<\/span><\/a><\/p>\n<p>[\/et_pb_text][\/et_pb_column][et_pb_column type=\u00bb2_5&#8243; _builder_version=\u00bb4.16&#8243; custom_padding=\u00bb|||\u00bb global_colors_info=\u00bb{}\u00bb custom_padding__hover=\u00bb|||\u00bb][et_pb_image src=\u00bbhttps:\/\/sede.ayuntamientoeltorno.es\/wp-content\/uploads\/2025\/07\/CRUZ-DE-LA-ORDEN-DE-CVA.jpg\u00bb title_text=\u00bbCRUZ DE LA ORDEN DE CVA\u00bb align=\u00bbcenter\u00bb _builder_version=\u00bb4.27.4&#8243; _module_preset=\u00bbdefault\u00bb custom_margin=\u00bb37px||||false|false\u00bb hover_enabled=\u00bb0&#8243; global_colors_info=\u00bb{}\u00bb sticky_enabled=\u00bb0&#8243;][\/et_pb_image][et_pb_image src=\u00bbhttps:\/\/sede.ayuntamientoeltorno.es\/wp-content\/uploads\/2025\/07\/banerTramitesCiudadano2.jpg\u00bb title_text=\u00bbTramitesCiudadano\u00bb url=\u00bb@ET-DC@eyJkeW5hbWljIjp0cnVlLCJjb250ZW50IjoicG9zdF9saW5rX3VybF9wYWdlIiwic2V0dGluZ3MiOnsicG9zdF9pZCI6IjE0In19@\u00bb align=\u00bbcenter\u00bb _builder_version=\u00bb4.27.4&#8243; _dynamic_attributes=\u00bburl\u00bb _module_preset=\u00bbdefault\u00bb hover_enabled=\u00bb0&#8243; global_colors_info=\u00bb{}\u00bb sticky_enabled=\u00bb0&#8243; animation_style=\u00bbslide\u00bb][\/et_pb_image][et_pb_image src=\u00bbhttps:\/\/sede.ayuntamientoeltorno.es\/wp-content\/uploads\/2025\/07\/banerPerfildelContratante.jpg\u00bb title_text=\u00bbPerfildelContratante\u00bb url=\u00bb@ET-DC@eyJkeW5hbWljIjp0cnVlLCJjb250ZW50IjoicG9zdF9saW5rX3VybF9wYWdlIiwic2V0dGluZ3MiOnsicG9zdF9pZCI6IjM0MCJ9fQ==@\u00bb align=\u00bbcenter\u00bb _builder_version=\u00bb4.27.4&#8243; _dynamic_attributes=\u00bburl\u00bb _module_preset=\u00bbdefault\u00bb hover_enabled=\u00bb0&#8243; global_colors_info=\u00bb{}\u00bb sticky_enabled=\u00bb0&#8243; animation_style=\u00bbslide\u00bb][\/et_pb_image][et_pb_image src=\u00bbhttps:\/\/sede.ayuntamientoeltorno.es\/wp-content\/uploads\/2025\/07\/banerTablonAnuncios.jpg\u00bb title_text=\u00bbTablonAnuncios\u00bb url=\u00bbhttps:\/\/etablon.dipucr.es:4443\/eTablon\/tablon.jsf?entidad=107&#8243; url_new_window=\u00bbon\u00bb align=\u00bbcenter\u00bb _builder_version=\u00bb4.27.4&#8243; _module_preset=\u00bbdefault\u00bb hover_enabled=\u00bb0&#8243; global_colors_info=\u00bb{}\u00bb sticky_enabled=\u00bb0&#8243; animation_style=\u00bbslide\u00bb][\/et_pb_image][et_pb_image src=\u00bbhttps:\/\/sede.ayuntamientoeltorno.es\/wp-content\/uploads\/2025\/07\/banerPresentacionFacturas.jpg\u00bb title_text=\u00bbPresentacionFacturas\u00bb url=\u00bb@ET-DC@eyJkeW5hbWljIjp0cnVlLCJjb250ZW50IjoicG9zdF9saW5rX3VybF9wYWdlIiwic2V0dGluZ3MiOnsicG9zdF9pZCI6IjM1MiJ9fQ==@\u00bb align=\u00bbcenter\u00bb _builder_version=\u00bb4.27.4&#8243; _dynamic_attributes=\u00bburl\u00bb _module_preset=\u00bbdefault\u00bb hover_enabled=\u00bb0&#8243; global_colors_info=\u00bb{}\u00bb sticky_enabled=\u00bb0&#8243; animation_style=\u00bbslide\u00bb][\/et_pb_image][et_pb_image src=\u00bbhttps:\/\/sede.ayuntamientoeltorno.es\/wp-content\/uploads\/2025\/07\/BanerCVED.jpg\u00bb title_text=\u00bbBanerCVE\u00bb url=\u00bbhttps:\/\/se4.dipucr.es:4443\/SIGEM_GestionCSVWeb\/action\/documento\/form?idEntidad=107&#8243; url_new_window=\u00bbon\u00bb align=\u00bbcenter\u00bb _builder_version=\u00bb4.27.4&#8243; _module_preset=\u00bbdefault\u00bb hover_enabled=\u00bb0&#8243; global_colors_info=\u00bb{}\u00bb animation_style=\u00bbslide\u00bb sticky_enabled=\u00bb0&#8243;][\/et_pb_image][\/et_pb_column][\/et_pb_row][\/et_pb_section]<\/p>\n","protected":false},"excerpt":{"rendered":"<p>El Ayuntamiento de El Torno ofrece la Sede Electr\u00f3nica con la finalidad de extender de una manera virtual a los ciudadanos, gran parte de los servicios que ya ven\u00eda ofreciendo de forma presencial en sus oficinas, facilitando el uso de estos servicios a cualquier hora del d\u00eda y reduciendo o casi eliminando el desplazamiento del [&hellip;]<\/p>\n","protected":false},"author":1,"featured_media":0,"parent":0,"menu_order":0,"comment_status":"closed","ping_status":"closed","template":"","meta":{"_et_pb_use_builder":"on","_et_pb_old_content":"","_et_gb_content_width":"","footnotes":""},"class_list":["post-331","page","type-page","status-publish","hentry"],"_links":{"self":[{"href":"https:\/\/sede.ayuntamientoeltorno.es\/index.php\/wp-json\/wp\/v2\/pages\/331","targetHints":{"allow":["GET"]}}],"collection":[{"href":"https:\/\/sede.ayuntamientoeltorno.es\/index.php\/wp-json\/wp\/v2\/pages"}],"about":[{"href":"https:\/\/sede.ayuntamientoeltorno.es\/index.php\/wp-json\/wp\/v2\/types\/page"}],"author":[{"embeddable":true,"href":"https:\/\/sede.ayuntamientoeltorno.es\/index.php\/wp-json\/wp\/v2\/users\/1"}],"replies":[{"embeddable":true,"href":"https:\/\/sede.ayuntamientoeltorno.es\/index.php\/wp-json\/wp\/v2\/comments?post=331"}],"version-history":[{"count":13,"href":"https:\/\/sede.ayuntamientoeltorno.es\/index.php\/wp-json\/wp\/v2\/pages\/331\/revisions"}],"predecessor-version":[{"id":397,"href":"https:\/\/sede.ayuntamientoeltorno.es\/index.php\/wp-json\/wp\/v2\/pages\/331\/revisions\/397"}],"wp:attachment":[{"href":"https:\/\/sede.ayuntamientoeltorno.es\/index.php\/wp-json\/wp\/v2\/media?parent=331"}],"curies":[{"name":"wp","href":"https:\/\/api.w.org\/{rel}","templated":true}]}}