{"id":340,"date":"2025-07-03T21:31:45","date_gmt":"2025-07-03T21:31:45","guid":{"rendered":"https:\/\/sede.ayuntamientoeltorno.es\/?page_id=340"},"modified":"2025-07-04T16:53:25","modified_gmt":"2025-07-04T16:53:25","slug":"perfil-contratante","status":"publish","type":"page","link":"https:\/\/sede.ayuntamientoeltorno.es\/index.php\/perfil-contratante\/","title":{"rendered":"Perfil contratante"},"content":{"rendered":"<p>[et_pb_section fb_built=\u00bb1&#8243; admin_label=\u00bbHeader\u00bb _builder_version=\u00bb4.27.4&#8243; use_background_color_gradient=\u00bbon\u00bb background_color_gradient_stops=\u00bb#000000 0%|rgba(255,255,255,0) 0%\u00bb background_color_gradient_overlays_image=\u00bbon\u00bb background_color_gradient_start=\u00bb#000000&#8243; background_color_gradient_end=\u00bbrgba(0,0,0,0.6)\u00bb background_image=\u00bbhttps:\/\/sede.ayuntamientoeltorno.es\/wp-content\/uploads\/2025\/06\/JSQ_2255-ayto-scaled.jpg\u00bb min_height=\u00bb443px\u00bb custom_margin=\u00bb||||false\u00bb custom_padding=\u00bb10vw||10vw||true|false\u00bb global_colors_info=\u00bb{}\u00bb][\/et_pb_section][et_pb_section fb_built=\u00bb1&#8243; admin_label=\u00bbAbout\u00bb _builder_version=\u00bb4.27.4&#8243; background_enable_image=\u00bboff\u00bb background_size=\u00bbinitial\u00bb background_position=\u00bbbottom_center\u00bb custom_margin=\u00bb21px|||||\u00bb custom_padding=\u00bb6px|0px|120px|0px|false|false\u00bb global_colors_info=\u00bb{}\u00bb][et_pb_row column_structure=\u00bb3_5,2_5&#8243; _builder_version=\u00bb4.16&#8243; global_colors_info=\u00bb{}\u00bb][et_pb_column type=\u00bb3_5&#8243; _builder_version=\u00bb4.16&#8243; custom_padding=\u00bb|||\u00bb global_colors_info=\u00bb{}\u00bb custom_padding__hover=\u00bb|||\u00bb][et_pb_cta button_url=\u00bb#\u00bb _builder_version=\u00bb4.27.4&#8243; _dynamic_attributes=\u00bblink_option_url\u00bb header_level=\u00bbh3&#8243; header_font=\u00bbPlayfair Display|700|||||||\u00bb header_line_height=\u00bb1.5em\u00bb body_font=\u00bb||||||||\u00bb body_line_height=\u00bb2em\u00bb background_color=\u00bb#ffffff\u00bb background_image=\u00bbhttps:\/\/sede.ayuntamientoeltorno.es\/wp-content\/uploads\/2025\/06\/sedeElectronica.jpg\u00bb background_size=\u00bbcustom\u00bb background_image_width=\u00bb73%\u00bb custom_button=\u00bbon\u00bb button_text_size=\u00bb12px\u00bb button_text_color=\u00bb#ef3b24&#8243; button_bg_color=\u00bbrgba(255,255,255,0)\u00bb button_border_color=\u00bbrgba(0,0,0,0)\u00bb button_border_radius=\u00bb0px\u00bb button_letter_spacing=\u00bb2px\u00bb button_font=\u00bbRubik|500||on|||||\u00bb button_icon=\u00bb&#xe03c;||divi||400&#8243; button_on_hover=\u00bboff\u00bb text_orientation=\u00bbleft\u00bb background_layout=\u00bblight\u00bb width=\u00bb100%\u00bb max_width=\u00bb89%\u00bb min_height=\u00bb180px\u00bb max_height=\u00bb1000px\u00bb custom_padding=\u00bb|100px||\u00bb custom_padding_tablet=\u00bb\u00bb custom_padding_phone=\u00bb|40px|160px|\u00bb custom_padding_last_edited=\u00bbon|phone\u00bb animation_style=\u00bbzoom\u00bb animation_intensity_zoom=\u00bb20%\u00bb link_option_url=\u00bb@ET-DC@eyJkeW5hbWljIjp0cnVlLCJjb250ZW50IjoicG9zdF9saW5rX3VybF9wYWdlIiwic2V0dGluZ3MiOnsicG9zdF9pZCI6IjMzMSJ9fQ==@\u00bb border_width_all=\u00bb2px\u00bb border_color_all=\u00bbRGBA(255,255,255,0)\u00bb button_letter_spacing_hover=\u00bb2px\u00bb global_colors_info=\u00bb{}\u00bb button_text_size__hover_enabled=\u00bboff\u00bb button_one_text_size__hover_enabled=\u00bboff\u00bb button_two_text_size__hover_enabled=\u00bboff\u00bb button_text_color__hover_enabled=\u00bboff\u00bb button_one_text_color__hover_enabled=\u00bboff\u00bb button_two_text_color__hover_enabled=\u00bboff\u00bb button_border_width__hover_enabled=\u00bboff\u00bb button_one_border_width__hover_enabled=\u00bboff\u00bb button_two_border_width__hover_enabled=\u00bboff\u00bb button_border_color__hover_enabled=\u00bboff\u00bb button_one_border_color__hover_enabled=\u00bboff\u00bb button_two_border_color__hover_enabled=\u00bboff\u00bb button_border_radius__hover_enabled=\u00bboff\u00bb button_one_border_radius__hover_enabled=\u00bboff\u00bb button_two_border_radius__hover_enabled=\u00bboff\u00bb button_letter_spacing__hover_enabled=\u00bbon\u00bb button_letter_spacing__hover=\u00bb2px\u00bb button_one_letter_spacing__hover_enabled=\u00bboff\u00bb button_two_letter_spacing__hover_enabled=\u00bboff\u00bb button_bg_color__hover_enabled=\u00bboff\u00bb button_one_bg_color__hover_enabled=\u00bboff\u00bb button_two_bg_color__hover_enabled=\u00bboff\u00bb][\/et_pb_cta][et_pb_text _builder_version=\u00bb4.27.4&#8243; _module_preset=\u00bbdefault\u00bb header_font=\u00bbAdamina||||||||\u00bb header_text_color=\u00bb#2a8705&#8243; global_colors_info=\u00bb{}\u00bb]<\/p>\n<h1>Perfil del Contratante<\/h1>\n<p>[\/et_pb_text][et_pb_text _builder_version=\u00bb4.27.4&#8243; _module_preset=\u00bbdefault\u00bb text_font_size=\u00bb15px\u00bb text_line_height=\u00bb2em\u00bb global_colors_info=\u00bb{}\u00bb]<\/p>\n<p align=\"justify\">El Ayuntamiento de El Torno pone a disposici\u00f3n del ciudadano este Perfil del Contratante, donde se podr\u00e1 encontrar informaci\u00f3n de cualquier contrataci\u00f3n que se encuentre en proceso abierto o ya adjudicado.<\/p>\n<p align=\"justify\">Conforme a lo dispuesto en el art. 347.2 de la Ley 9\/2017 de Contratos del Sector Publico, los \u00d3rganos de Contrataci\u00f3n el Excmo. Ayuntamiento de El Torno tienen alojada la informaci\u00f3n de sus perfiles de contratante en la Plataforma de Contrataci\u00f3n del Sector P\u00fablico.<\/p>\n<p align=\"justify\">La tramitaci\u00f3n de los procedimientos de adjudicaci\u00f3n de contratos conllevar\u00e1 la pr\u00e1ctica de las notificaciones y comunicaciones derivadas de los mismos por v\u00eda exclusivamente electr\u00f3nica, y la presentaci\u00f3n de ofertas y solicitudes de participaci\u00f3n se llevar\u00e1 a cabo utilizando medios electr\u00f3nicos, salvo en los casos en los que se establezca otra cosa en los anuncios de licitaci\u00f3n o invitaciones de participaci\u00f3n, tal y como se establece en la Disposici\u00f3n Adicional Decimoquinta.2 de la misma ley.<\/p>\n<p align=\"justify\">A tales efectos, todos los licitadores que deseen participar en procedimientos de contrataci\u00f3n p\u00fablica convocados por este Excmo. Ayuntamiento de El Torno, deber\u00e1n utilizar las herramientas electr\u00f3nicas y cumplir escrupulosamente los requisitos que en tal sentido se establezcan en los pliegos de cl\u00e1usulas administrativas particulares de las correspondientes licitaciones o en las instrucciones emitidas en su defecto.<\/p>\n<p>[\/et_pb_text][et_pb_text _builder_version=\u00bb4.27.4&#8243; _module_preset=\u00bbdefault\u00bb text_font_size=\u00bb15px\u00bb text_line_height=\u00bb2em\u00bb global_colors_info=\u00bb{}\u00bb]<\/p>\n<h3><span style=\"color: #0c71c3;\">Departamento de Contrataci\u00f3n:<\/span><\/h3>\n<p><span>Direcci\u00f3n: Plaza de Guadalupe, 1 &#8211; 13194 El Torno (Ciudad Real)<\/span><br \/><span>Horario: de 8:00 h a 14:00 h de lunes a viernes.<\/span><br \/><span>Tfno: 926 78 33 13<\/span><br \/><span>Correo electr\u00f3nico: ayto_eltorno@dipucr.es<\/span><\/p>\n<p>[\/et_pb_text][et_pb_text _builder_version=\u00bb4.27.4&#8243; _module_preset=\u00bbdefault\u00bb text_font_size=\u00bb15px\u00bb text_line_height=\u00bb2em\u00bb text_orientation=\u00bbjustified\u00bb global_colors_info=\u00bb{}\u00bb]<\/p>\n<h3 style=\"text-align: justify;\"><span style=\"color: #0c71c3;\">Consulta de Licitaciones:<\/span><\/h3>\n<p align=\"justify\">El Ayuntamiento de EL Torno se encuentra dado de alta en la Plataforma de Contrataci\u00f3n del Sector P\u00fablico (PCSP), donde los interesados podr\u00e1n consultar las diferentes licitaciones que el Ayuntamiento tenga en tramitaci\u00f3n o que hayan sido ya adjudicadas.<\/p>\n<p style=\"text-align: center;\"><strong><\/strong><\/p>\n<p style=\"text-align: center;\"><strong><\/strong><\/p>\n<p style=\"text-align: center;\"><strong>Acceso a la Plataforma de Contrataci\u00f3n del Sector P\u00fablico<\/strong><strong><\/strong><\/p>\n<p style=\"text-align: center;\"><strong><\/strong><\/p>\n<p>[\/et_pb_text][et_pb_image src=\u00bbhttps:\/\/sede.ayuntamientoeltorno.es\/wp-content\/uploads\/2025\/07\/CRUZ-DE-LA-ORDEN-DE-CVA.jpg\u00bb title_text=\u00bbCRUZ DE LA ORDEN DE CVA\u00bb url=\u00bbhttps:\/\/contrataciondelestado.es\/wps\/portal\/!ut\/p\/b0\/04_Sj9CPykssy0xPLMnMz0vMAfIjU1JTC3Iy87KtClKL0jJznPPzSooSSxLzSlL1w_Wj9KMyU5wK9COrfExUDUodzcJcjSojAsMMwl3NcyIDym1t9Qtycx0B7ROqrA!!\/\u00bb url_new_window=\u00bbon\u00bb align=\u00bbcenter\u00bb _builder_version=\u00bb4.27.4&#8243; _module_preset=\u00bbdefault\u00bb height=\u00bb100px\u00bb max_height=\u00bb90px\u00bb custom_margin=\u00bb||0px|||\u00bb global_colors_info=\u00bb{}\u00bb][\/et_pb_image][et_pb_text _builder_version=\u00bb4.27.4&#8243; _module_preset=\u00bbdefault\u00bb background_enable_image=\u00bboff\u00bb background_size=\u00bbcustom\u00bb background_image_height=\u00bb100%\u00bb max_height=\u00bb210px\u00bb custom_margin=\u00bb||-7px|||\u00bb custom_padding=\u00bb0px||2px|||\u00bb link_option_url=\u00bbhttps:\/\/contrataciondelestado.es\/wps\/portal\/!ut\/p\/b0\/04_Sj9CPykssy0xPLMnMz0vMAfIjU1JTC3Iy87KtClKL0jJznPPzSooSSxLzSlL1w_Wj9KMyU5wK9COrfExUDUodzcJcjSojAsMMwl3NcyIDym1t9Qtycx0B7ROqrA!!\/\u00bb link_option_url_new_window=\u00bbon\u00bb global_colors_info=\u00bb{}\u00bb]<\/p>\n<p style=\"text-align: center;\">\u00d3rgano de Contrataci\u00f3n<\/p>\n<p>[\/et_pb_text][\/et_pb_column][et_pb_column type=\u00bb2_5&#8243; _builder_version=\u00bb4.16&#8243; custom_padding=\u00bb|||\u00bb global_colors_info=\u00bb{}\u00bb custom_padding__hover=\u00bb|||\u00bb][et_pb_image src=\u00bbhttps:\/\/sede.ayuntamientoeltorno.es\/wp-content\/uploads\/2025\/07\/CRUZ-DE-LA-ORDEN-DE-CVA.jpg\u00bb title_text=\u00bbimagen teclado\u00bb align=\u00bbcenter\u00bb _builder_version=\u00bb4.27.4&#8243; _module_preset=\u00bbdefault\u00bb custom_margin=\u00bb37px||||false|false\u00bb hover_enabled=\u00bb0&#8243; global_colors_info=\u00bb{}\u00bb sticky_enabled=\u00bb0&#8243;][\/et_pb_image][et_pb_image src=\u00bbhttps:\/\/sede.ayuntamientoeltorno.es\/wp-content\/uploads\/2025\/07\/banerTramitesCiudadano2.jpg\u00bb title_text=\u00bbTramitesCiudadano\u00bb url=\u00bb@ET-DC@eyJkeW5hbWljIjp0cnVlLCJjb250ZW50IjoicG9zdF9saW5rX3VybF9wYWdlIiwic2V0dGluZ3MiOnsicG9zdF9pZCI6IjE0In19@\u00bb align=\u00bbcenter\u00bb _builder_version=\u00bb4.27.4&#8243; _dynamic_attributes=\u00bburl\u00bb _module_preset=\u00bbdefault\u00bb hover_enabled=\u00bb0&#8243; global_colors_info=\u00bb{}\u00bb animation_style=\u00bbslide\u00bb sticky_enabled=\u00bb0&#8243;][\/et_pb_image][et_pb_image src=\u00bbhttps:\/\/sede.ayuntamientoeltorno.es\/wp-content\/uploads\/2025\/07\/banerPerfildelContratante.jpg\u00bb title_text=\u00bbPerfildelContratante\u00bb url=\u00bb@ET-DC@eyJkeW5hbWljIjp0cnVlLCJjb250ZW50IjoicG9zdF9saW5rX3VybF9wYWdlIiwic2V0dGluZ3MiOnsicG9zdF9pZCI6IjM0MCJ9fQ==@\u00bb align=\u00bbcenter\u00bb _builder_version=\u00bb4.27.4&#8243; _dynamic_attributes=\u00bburl\u00bb _module_preset=\u00bbdefault\u00bb hover_enabled=\u00bb0&#8243; global_colors_info=\u00bb{}\u00bb animation_style=\u00bbslide\u00bb sticky_enabled=\u00bb0&#8243;][\/et_pb_image][et_pb_image src=\u00bbhttps:\/\/sede.ayuntamientoeltorno.es\/wp-content\/uploads\/2025\/07\/banerTablonAnuncios.jpg\u00bb title_text=\u00bbTablonAnuncios\u00bb url=\u00bbhttps:\/\/etablon.dipucr.es:4443\/eTablon\/tablon.jsf?entidad=107&#8243; url_new_window=\u00bbon\u00bb align=\u00bbcenter\u00bb _builder_version=\u00bb4.27.4&#8243; _module_preset=\u00bbdefault\u00bb hover_enabled=\u00bb0&#8243; global_colors_info=\u00bb{}\u00bb animation_style=\u00bbslide\u00bb sticky_enabled=\u00bb0&#8243;][\/et_pb_image][et_pb_image src=\u00bbhttps:\/\/sede.ayuntamientoeltorno.es\/wp-content\/uploads\/2025\/07\/banerPresentacionFacturas.jpg\u00bb title_text=\u00bbPresentacionFacturas\u00bb url=\u00bb@ET-DC@eyJkeW5hbWljIjp0cnVlLCJjb250ZW50IjoicG9zdF9saW5rX3VybF9wYWdlIiwic2V0dGluZ3MiOnsicG9zdF9pZCI6IjM1MiJ9fQ==@\u00bb align=\u00bbcenter\u00bb _builder_version=\u00bb4.27.4&#8243; _dynamic_attributes=\u00bburl\u00bb _module_preset=\u00bbdefault\u00bb hover_enabled=\u00bb0&#8243; global_colors_info=\u00bb{}\u00bb animation_style=\u00bbslide\u00bb sticky_enabled=\u00bb0&#8243;][\/et_pb_image][et_pb_image src=\u00bbhttps:\/\/sede.ayuntamientoeltorno.es\/wp-content\/uploads\/2025\/07\/BanerCVED.jpg\u00bb title_text=\u00bbBanerCVE\u00bb url=\u00bbhttps:\/\/se4.dipucr.es:4443\/SIGEM_AutenticacionWeb\/seleccionEntidad.do?REDIRECCION=RegistroTelematico&#038;tramiteId=DPCR_SRS&#038;SESION_ID=&#038;ENTIDAD_ID=107&#8243; url_new_window=\u00bbon\u00bb align=\u00bbcenter\u00bb _builder_version=\u00bb4.27.4&#8243; _module_preset=\u00bbdefault\u00bb hover_enabled=\u00bb0&#8243; global_colors_info=\u00bb{}\u00bb animation_style=\u00bbslide\u00bb sticky_enabled=\u00bb0&#8243;][\/et_pb_image][\/et_pb_column][\/et_pb_row][\/et_pb_section]<\/p>\n","protected":false},"excerpt":{"rendered":"<p>Perfil del ContratanteEl Ayuntamiento de El Torno pone a disposici\u00f3n del ciudadano este Perfil del Contratante, donde se podr\u00e1 encontrar informaci\u00f3n de cualquier contrataci\u00f3n que se encuentre en proceso abierto o ya adjudicado. Conforme a lo dispuesto en el art. 347.2 de la Ley 9\/2017 de Contratos del Sector Publico, los \u00d3rganos de Contrataci\u00f3n el [&hellip;]<\/p>\n","protected":false},"author":1,"featured_media":0,"parent":0,"menu_order":0,"comment_status":"closed","ping_status":"closed","template":"","meta":{"_et_pb_use_builder":"on","_et_pb_old_content":"","_et_gb_content_width":"","footnotes":""},"class_list":["post-340","page","type-page","status-publish","hentry"],"_links":{"self":[{"href":"https:\/\/sede.ayuntamientoeltorno.es\/index.php\/wp-json\/wp\/v2\/pages\/340","targetHints":{"allow":["GET"]}}],"collection":[{"href":"https:\/\/sede.ayuntamientoeltorno.es\/index.php\/wp-json\/wp\/v2\/pages"}],"about":[{"href":"https:\/\/sede.ayuntamientoeltorno.es\/index.php\/wp-json\/wp\/v2\/types\/page"}],"author":[{"embeddable":true,"href":"https:\/\/sede.ayuntamientoeltorno.es\/index.php\/wp-json\/wp\/v2\/users\/1"}],"replies":[{"embeddable":true,"href":"https:\/\/sede.ayuntamientoeltorno.es\/index.php\/wp-json\/wp\/v2\/comments?post=340"}],"version-history":[{"count":7,"href":"https:\/\/sede.ayuntamientoeltorno.es\/index.php\/wp-json\/wp\/v2\/pages\/340\/revisions"}],"predecessor-version":[{"id":399,"href":"https:\/\/sede.ayuntamientoeltorno.es\/index.php\/wp-json\/wp\/v2\/pages\/340\/revisions\/399"}],"wp:attachment":[{"href":"https:\/\/sede.ayuntamientoeltorno.es\/index.php\/wp-json\/wp\/v2\/media?parent=340"}],"curies":[{"name":"wp","href":"https:\/\/api.w.org\/{rel}","templated":true}]}}